{"id":11811,"date":"2025-02-26T13:12:26","date_gmt":"2025-02-26T11:12:26","guid":{"rendered":"https:\/\/uiva.fi\/?page_id=11811"},"modified":"2025-02-26T13:12:26","modified_gmt":"2025-02-26T11:12:26","slug":"familjens-smultronstalle","status":"publish","type":"page","link":"https:\/\/uiva.fi\/sv\/familjens-smultronstalle\/","title":{"rendered":"FAMILJENS SMULTRONST\u00c4LLE"},"content":{"rendered":"\n<p>Flytande erbjuder upplevelser f\u00f6r hela familjen. Juniorsegling&nbsp; och vattensport finns p\u00e5 programmet. Det finns flyboarding, jetski show och arbetsuppvisningar. Street food-restaurangerna serverar l\u00e4ckerheter fr\u00e5n olika v\u00e4rldsdelar.<\/p>\n\n\n\n<p>Barnen \u00e4r speciellt v\u00e4lkomna till den Flytande b\u00e5tutst\u00e4llningen. Bredvid bryggorna finns en \u00f6vervakad, kostnadsfri vagnparkering och familjerna som r\u00f6r sig p\u00e5 bryggor och i b\u00e5tar f\u00e5r l\u00e5na r\u00e4ddningsv\u00e4star f\u00f6r barnen.<\/p>\n\n\n\n<p>I SBF:s Barnens V\u00e4rld (Lasten Maailma) kan du pr\u00f6va dina f\u00e4rdigheter tex. i seglingssimulatorn. Barnens v\u00e4rld finns genast vid barnvagnsparken och barnens flytv\u00e4star.<\/p>\n\n\n\n<p>Man f\u00e5r ocks\u00e5 komma till omr\u00e5det med hundar.<\/p>\n\n\n\n<p><\/p>\n","protected":false},"excerpt":{"rendered":"<p>Flytande erbjuder upplevelser f\u00f6r hela familjen. Juniorsegling&nbsp; och vattensport finns p\u00e5 programmet. Det finns flyboarding, jetski show och arbetsuppvisningar. Street food-restaurangerna serverar l\u00e4ckerheter fr\u00e5n olika v\u00e4rldsdelar. Barnen \u00e4r speciellt v\u00e4lkomna &#8230;<\/p>\n","protected":false},"author":9,"featured_media":11813,"parent":0,"menu_order":0,"comment_status":"closed","ping_status":"closed","template":"page-templates\/template-perussivu.php","meta":{"_acf_changed":false,"inline_featured_image":false,"footnotes":""},"class_list":["post-11811","page","type-page","status-publish","has-post-thumbnail","hentry"],"acf":[],"aioseo_notices":[],"_links":{"self":[{"href":"https:\/\/uiva.fi\/sv\/wp-json\/wp\/v2\/pages\/11811","targetHints":{"allow":["GET"]}}],"collection":[{"href":"https:\/\/uiva.fi\/sv\/wp-json\/wp\/v2\/pages"}],"about":[{"href":"https:\/\/uiva.fi\/sv\/wp-json\/wp\/v2\/types\/page"}],"author":[{"embeddable":true,"href":"https:\/\/uiva.fi\/sv\/wp-json\/wp\/v2\/users\/9"}],"replies":[{"embeddable":true,"href":"https:\/\/uiva.fi\/sv\/wp-json\/wp\/v2\/comments?post=11811"}],"version-history":[{"count":1,"href":"https:\/\/uiva.fi\/sv\/wp-json\/wp\/v2\/pages\/11811\/revisions"}],"predecessor-version":[{"id":11812,"href":"https:\/\/uiva.fi\/sv\/wp-json\/wp\/v2\/pages\/11811\/revisions\/11812"}],"wp:featuredmedia":[{"embeddable":true,"href":"https:\/\/uiva.fi\/sv\/wp-json\/wp\/v2\/media\/11813"}],"wp:attachment":[{"href":"https:\/\/uiva.fi\/sv\/wp-json\/wp\/v2\/media?parent=11811"}],"curies":[{"name":"wp","href":"https:\/\/api.w.org\/{rel}","templated":true}]}}