{"id":11815,"date":"2024-09-23T15:43:54","date_gmt":"2024-09-23T12:43:54","guid":{"rendered":"https:\/\/uiva.fi\/tarvikkeet\/"},"modified":"2025-02-26T13:17:18","modified_gmt":"2025-02-26T11:17:18","slug":"utrustning-tjanster","status":"publish","type":"page","link":"https:\/\/uiva.fi\/sv\/utrustning-tjanster\/","title":{"rendered":"UTRUSTNING &amp; TJ\u00c4NSTER"},"content":{"rendered":"\n<p>I Flytande deltar alla de viktigaste akt\u00f6rerna inom b\u00e5tbranschen. H\u00e4r kan man bekanta sig med motorer och utrustning och fatta beslut f\u00f6r n\u00e4sta sommar \u2013 vare sig om du t\u00e4nker p\u00e5 service, ny motor eller anskaffning av tillbeh\u00f6r, kartplotter, uppl\u00e4ggningsutrustning, bryggor eller radar.<\/p>\n\n\n\n<p><\/p>\n","protected":false},"excerpt":{"rendered":"<p>I Flytande deltar alla de viktigaste akt\u00f6rerna inom b\u00e5tbranschen. H\u00e4r kan man bekanta sig med motorer och utrustning och fatta beslut f\u00f6r n\u00e4sta sommar \u2013 vare sig om du t\u00e4nker &#8230;<\/p>\n","protected":false},"author":9,"featured_media":1440,"parent":0,"menu_order":0,"comment_status":"closed","ping_status":"closed","template":"page-templates\/template-perussivu.php","meta":{"_acf_changed":false,"inline_featured_image":false,"footnotes":""},"class_list":["post-11815","page","type-page","status-publish","has-post-thumbnail","hentry"],"acf":[],"aioseo_notices":[],"_links":{"self":[{"href":"https:\/\/uiva.fi\/sv\/wp-json\/wp\/v2\/pages\/11815","targetHints":{"allow":["GET"]}}],"collection":[{"href":"https:\/\/uiva.fi\/sv\/wp-json\/wp\/v2\/pages"}],"about":[{"href":"https:\/\/uiva.fi\/sv\/wp-json\/wp\/v2\/types\/page"}],"author":[{"embeddable":true,"href":"https:\/\/uiva.fi\/sv\/wp-json\/wp\/v2\/users\/9"}],"replies":[{"embeddable":true,"href":"https:\/\/uiva.fi\/sv\/wp-json\/wp\/v2\/comments?post=11815"}],"version-history":[{"count":2,"href":"https:\/\/uiva.fi\/sv\/wp-json\/wp\/v2\/pages\/11815\/revisions"}],"predecessor-version":[{"id":11822,"href":"https:\/\/uiva.fi\/sv\/wp-json\/wp\/v2\/pages\/11815\/revisions\/11822"}],"wp:featuredmedia":[{"embeddable":true,"href":"https:\/\/uiva.fi\/sv\/wp-json\/wp\/v2\/media\/1440"}],"wp:attachment":[{"href":"https:\/\/uiva.fi\/sv\/wp-json\/wp\/v2\/media?parent=11815"}],"curies":[{"name":"wp","href":"https:\/\/api.w.org\/{rel}","templated":true}]}}