{"id":11825,"date":"2024-09-23T15:42:22","date_gmt":"2024-09-23T12:42:22","guid":{"rendered":"https:\/\/uiva.fi\/kalastus\/"},"modified":"2025-07-31T15:32:48","modified_gmt":"2025-07-31T12:32:48","slug":"sportfiskarnas-tummelplats","status":"publish","type":"page","link":"https:\/\/uiva.fi\/sv\/sportfiskarnas-tummelplats\/","title":{"rendered":"SPORTFISKARNAS TUMMELPLATS"},"content":{"rendered":"\n<p>P\u00e5 Flytande ser du nu de senaste nyheterna inom sportfisket. <a href=\"https:\/\/www.kalastajankanava.fi\/\" title=\"\">Kalastajan Kanava<\/a> presenterar utst\u00e4llningens fiskeb\u00e5tar. Dessutom erbjuds ett m\u00e5ngsidigt program f\u00f6r fiskarna. Det finns informationstillf\u00e4llen och presentationer, experter ger tips f\u00f6r val av fisketeknik och \u2013utrustning.<\/p>\n\n\n\n<p><\/p>\n","protected":false},"excerpt":{"rendered":"<p>P\u00e5 Flytande ser du nu de senaste nyheterna inom sportfisket. Kalastajan Kanava presenterar utst\u00e4llningens fiskeb\u00e5tar. Dessutom erbjuds ett m\u00e5ngsidigt program f\u00f6r fiskarna. Det finns informationstillf\u00e4llen och presentationer, experter ger tips &#8230;<\/p>\n","protected":false},"author":9,"featured_media":11826,"parent":0,"menu_order":0,"comment_status":"closed","ping_status":"closed","template":"page-templates\/template-perussivu.php","meta":{"_acf_changed":false,"inline_featured_image":false,"footnotes":""},"class_list":["post-11825","page","type-page","status-publish","has-post-thumbnail","hentry"],"acf":[],"aioseo_notices":[],"_links":{"self":[{"href":"https:\/\/uiva.fi\/sv\/wp-json\/wp\/v2\/pages\/11825","targetHints":{"allow":["GET"]}}],"collection":[{"href":"https:\/\/uiva.fi\/sv\/wp-json\/wp\/v2\/pages"}],"about":[{"href":"https:\/\/uiva.fi\/sv\/wp-json\/wp\/v2\/types\/page"}],"author":[{"embeddable":true,"href":"https:\/\/uiva.fi\/sv\/wp-json\/wp\/v2\/users\/9"}],"replies":[{"embeddable":true,"href":"https:\/\/uiva.fi\/sv\/wp-json\/wp\/v2\/comments?post=11825"}],"version-history":[{"count":3,"href":"https:\/\/uiva.fi\/sv\/wp-json\/wp\/v2\/pages\/11825\/revisions"}],"predecessor-version":[{"id":13505,"href":"https:\/\/uiva.fi\/sv\/wp-json\/wp\/v2\/pages\/11825\/revisions\/13505"}],"wp:featuredmedia":[{"embeddable":true,"href":"https:\/\/uiva.fi\/sv\/wp-json\/wp\/v2\/media\/11826"}],"wp:attachment":[{"href":"https:\/\/uiva.fi\/sv\/wp-json\/wp\/v2\/media?parent=11825"}],"curies":[{"name":"wp","href":"https:\/\/api.w.org\/{rel}","templated":true}]}}