{"id":11832,"date":"2024-09-23T15:41:15","date_gmt":"2024-09-23T12:41:15","guid":{"rendered":"https:\/\/uiva.fi\/pienveneet-2\/"},"modified":"2025-02-26T13:21:28","modified_gmt":"2025-02-26T11:21:28","slug":"smabatar","status":"publish","type":"page","link":"https:\/\/uiva.fi\/sv\/smabatar\/","title":{"rendered":"SM\u00c5B\u00c5TAR"},"content":{"rendered":"\n<p>P\u00e5 flytande b\u00e5tutst\u00e4llningen visas ett stort urval sm\u00e5b\u00e5tar f\u00f6r allehanda behov och hobbyn. Utst\u00e4llda finns sm\u00e5b\u00e5tar f\u00f6r rodd, fiske och jollesegling.<\/p>\n\n\n\n<p><\/p>\n","protected":false},"excerpt":{"rendered":"<p>P\u00e5 flytande b\u00e5tutst\u00e4llningen visas ett stort urval sm\u00e5b\u00e5tar f\u00f6r allehanda behov och hobbyn. Utst\u00e4llda finns sm\u00e5b\u00e5tar f\u00f6r rodd, fiske och jollesegling.<\/p>\n","protected":false},"author":9,"featured_media":11833,"parent":0,"menu_order":0,"comment_status":"closed","ping_status":"closed","template":"page-templates\/template-perussivu.php","meta":{"_acf_changed":false,"inline_featured_image":false,"footnotes":""},"class_list":["post-11832","page","type-page","status-publish","has-post-thumbnail","hentry"],"acf":[],"aioseo_notices":[],"_links":{"self":[{"href":"https:\/\/uiva.fi\/sv\/wp-json\/wp\/v2\/pages\/11832","targetHints":{"allow":["GET"]}}],"collection":[{"href":"https:\/\/uiva.fi\/sv\/wp-json\/wp\/v2\/pages"}],"about":[{"href":"https:\/\/uiva.fi\/sv\/wp-json\/wp\/v2\/types\/page"}],"author":[{"embeddable":true,"href":"https:\/\/uiva.fi\/sv\/wp-json\/wp\/v2\/users\/9"}],"replies":[{"embeddable":true,"href":"https:\/\/uiva.fi\/sv\/wp-json\/wp\/v2\/comments?post=11832"}],"version-history":[{"count":1,"href":"https:\/\/uiva.fi\/sv\/wp-json\/wp\/v2\/pages\/11832\/revisions"}],"predecessor-version":[{"id":11835,"href":"https:\/\/uiva.fi\/sv\/wp-json\/wp\/v2\/pages\/11832\/revisions\/11835"}],"wp:featuredmedia":[{"embeddable":true,"href":"https:\/\/uiva.fi\/sv\/wp-json\/wp\/v2\/media\/11833"}],"wp:attachment":[{"href":"https:\/\/uiva.fi\/sv\/wp-json\/wp\/v2\/media?parent=11832"}],"curies":[{"name":"wp","href":"https:\/\/api.w.org\/{rel}","templated":true}]}}