{"id":11841,"date":"2024-09-23T15:29:36","date_gmt":"2024-09-23T12:29:36","guid":{"rendered":"https:\/\/uiva.fi\/moottoriveneet-2\/"},"modified":"2025-02-26T13:25:29","modified_gmt":"2025-02-26T11:25:29","slug":"motorbatar","status":"publish","type":"page","link":"https:\/\/uiva.fi\/sv\/motorbatar\/","title":{"rendered":"FARTEN TJUSNING F\u00d6R MOTORB\u00c5TSFOLKET"},"content":{"rendered":"\n<p>P\u00e5 Flytande finns ett verkligt helt\u00e4ckande urval av motorb\u00e5tar, fr\u00e5n jolle till jakt. H\u00e4r finns alla storleksklasser och modellversioner samt de nyaste trenderna.<\/p>\n\n\n\n<p><\/p>\n\n\n\n<p><\/p>\n","protected":false},"excerpt":{"rendered":"<p>P\u00e5 Flytande finns ett verkligt helt\u00e4ckande urval av motorb\u00e5tar, fr\u00e5n jolle till jakt. H\u00e4r finns alla storleksklasser och modellversioner samt de nyaste trenderna.<\/p>\n","protected":false},"author":9,"featured_media":11842,"parent":0,"menu_order":0,"comment_status":"closed","ping_status":"closed","template":"page-templates\/template-perussivu.php","meta":{"_acf_changed":false,"inline_featured_image":false,"footnotes":""},"class_list":["post-11841","page","type-page","status-publish","has-post-thumbnail","hentry"],"acf":[],"aioseo_notices":[],"_links":{"self":[{"href":"https:\/\/uiva.fi\/sv\/wp-json\/wp\/v2\/pages\/11841","targetHints":{"allow":["GET"]}}],"collection":[{"href":"https:\/\/uiva.fi\/sv\/wp-json\/wp\/v2\/pages"}],"about":[{"href":"https:\/\/uiva.fi\/sv\/wp-json\/wp\/v2\/types\/page"}],"author":[{"embeddable":true,"href":"https:\/\/uiva.fi\/sv\/wp-json\/wp\/v2\/users\/9"}],"replies":[{"embeddable":true,"href":"https:\/\/uiva.fi\/sv\/wp-json\/wp\/v2\/comments?post=11841"}],"version-history":[{"count":2,"href":"https:\/\/uiva.fi\/sv\/wp-json\/wp\/v2\/pages\/11841\/revisions"}],"predecessor-version":[{"id":11849,"href":"https:\/\/uiva.fi\/sv\/wp-json\/wp\/v2\/pages\/11841\/revisions\/11849"}],"wp:featuredmedia":[{"embeddable":true,"href":"https:\/\/uiva.fi\/sv\/wp-json\/wp\/v2\/media\/11842"}],"wp:attachment":[{"href":"https:\/\/uiva.fi\/sv\/wp-json\/wp\/v2\/media?parent=11841"}],"curies":[{"name":"wp","href":"https:\/\/api.w.org\/{rel}","templated":true}]}}