{"id":11854,"date":"2024-09-23T15:19:19","date_gmt":"2024-09-23T12:19:19","guid":{"rendered":"https:\/\/uiva.fi\/purjeveneet\/"},"modified":"2025-02-26T13:29:30","modified_gmt":"2025-02-26T11:29:30","slug":"segelbatar","status":"publish","type":"page","link":"https:\/\/uiva.fi\/sv\/segelbatar\/","title":{"rendered":"SEGLARNAS PARADIS"},"content":{"rendered":"\n<p>F\u00f6r seglarna \u00e4r Flytande \u00e5rets viktigaste h\u00e4ndelse, f\u00f6r ingen annanstans kan man bese ett s\u00e5 stort segelb\u00e5tsutbud. Du ser segelb\u00e5tarna i sitt r\u00e4tta element: seglingsklara med master, segel och linor p\u00e5 plats.<\/p>\n\n\n\n<p><\/p>\n","protected":false},"excerpt":{"rendered":"<p>F\u00f6r seglarna \u00e4r Flytande \u00e5rets viktigaste h\u00e4ndelse, f\u00f6r ingen annanstans kan man bese ett s\u00e5 stort segelb\u00e5tsutbud. Du ser segelb\u00e5tarna i sitt r\u00e4tta element: seglingsklara med master, segel och linor &#8230;<\/p>\n","protected":false},"author":9,"featured_media":11855,"parent":0,"menu_order":0,"comment_status":"closed","ping_status":"closed","template":"page-templates\/template-perussivu.php","meta":{"_acf_changed":false,"inline_featured_image":false,"footnotes":""},"class_list":["post-11854","page","type-page","status-publish","has-post-thumbnail","hentry"],"acf":[],"aioseo_notices":[],"_links":{"self":[{"href":"https:\/\/uiva.fi\/sv\/wp-json\/wp\/v2\/pages\/11854","targetHints":{"allow":["GET"]}}],"collection":[{"href":"https:\/\/uiva.fi\/sv\/wp-json\/wp\/v2\/pages"}],"about":[{"href":"https:\/\/uiva.fi\/sv\/wp-json\/wp\/v2\/types\/page"}],"author":[{"embeddable":true,"href":"https:\/\/uiva.fi\/sv\/wp-json\/wp\/v2\/users\/9"}],"replies":[{"embeddable":true,"href":"https:\/\/uiva.fi\/sv\/wp-json\/wp\/v2\/comments?post=11854"}],"version-history":[{"count":1,"href":"https:\/\/uiva.fi\/sv\/wp-json\/wp\/v2\/pages\/11854\/revisions"}],"predecessor-version":[{"id":11856,"href":"https:\/\/uiva.fi\/sv\/wp-json\/wp\/v2\/pages\/11854\/revisions\/11856"}],"wp:featuredmedia":[{"embeddable":true,"href":"https:\/\/uiva.fi\/sv\/wp-json\/wp\/v2\/media\/11855"}],"wp:attachment":[{"href":"https:\/\/uiva.fi\/sv\/wp-json\/wp\/v2\/media?parent=11854"}],"curies":[{"name":"wp","href":"https:\/\/api.w.org\/{rel}","templated":true}]}}