{"id":13150,"date":"2025-03-06T10:38:08","date_gmt":"2025-03-06T08:38:08","guid":{"rendered":"https:\/\/uiva.fi\/?page_id=13150"},"modified":"2025-11-05T10:44:45","modified_gmt":"2025-11-05T08:44:45","slug":"anmalningsinstruktioner","status":"publish","type":"page","link":"https:\/\/uiva.fi\/sv\/anmalningsinstruktioner\/","title":{"rendered":"Anm\u00e4lningsinstruktioner"},"content":{"rendered":"\n<h3 class=\"wp-block-heading\">Jag har deltagit tidigare som utst\u00e4llare, hur ska jag registrera mig nu?<\/h3>\n\n\n\n<p>1) <strong>LOGGA IN<\/strong> <a href=\"https:\/\/ilmoittaudu.finnboat.fi\/\" title=\"\">www.ilmoittaudu.finnboat.fi<\/a> med din e-postadress<\/p>\n\n\n\n<p><br>2) Kontrollera och uppdatera vid behov information i <strong>MIN ORGANISATION<\/strong><\/p>\n\n\n\n<p><br>3) <strong>REGISTRERA<\/strong> f\u00f6r Uiva Flytande 2026. Systemet rapporterar sedan att det har hittat data fr\u00e5n f\u00f6rra \u00e5ret; du v\u00e4ljer om du vill anv\u00e4nda gamla data eller ange helt nya data. Du kommer d\u00e5 g\u00f6ra nya val eller uppdatera f\u00f6reg\u00e5ende \u00e5rs information.<\/p>\n\n\n\n<p><br>4) inga anv\u00e4ndarkoder, bara <strong>LOGGA IN<\/strong> p\u00e5 nytt n\u00e4r du vill kontrollera eller f\u00f6r\u00e4ndra din anm\u00e4lning<\/p>\n\n\n\n<p><br>5) du kan \u00e4ven l\u00e4gga till andra representanter f\u00f6r ditt f\u00f6retag i MIN ORGANISATION, s\u00e5 att de ocks\u00e5 kan kontrollera\/f\u00f6r\u00e4ndra din anm\u00e4lning<\/p>\n\n\n\n<div style=\"height:75px\" aria-hidden=\"true\" class=\"wp-block-spacer\"><\/div>\n\n\n\n<h3 class=\"wp-block-heading\">Jag vill registrera mig f\u00f6r f\u00f6rsta g\u00e5ng som utst\u00e4llare, vad g\u00f6r jag?<\/h3>\n\n\n\n<p>1) <strong>REGISTRERA<\/strong> f\u00f6retagets uppgifter <a href=\"https:\/\/ilmoittaudu.finnboat.fi\/\" title=\"\">www.ilmoittaudu.finnboat.fi <\/a><\/p>\n\n\n\n<p><br>2) <strong>LOGGA IN<\/strong> med din e-post och <strong>REGISTRERA<\/strong> f\u00f6r Uiva Flytande 2026<\/p>\n\n\n\n<p><br>3) inga anv\u00e4ndarkoder, bara <strong>LOGGA IN<\/strong> p\u00e5 nytt n\u00e4r du vill kontrollera eller f\u00f6r\u00e4ndra din anm\u00e4lning<\/p>\n","protected":false},"excerpt":{"rendered":"<p>Jag har deltagit tidigare som utst\u00e4llare, hur ska jag registrera mig nu? 1) LOGGA IN www.ilmoittaudu.finnboat.fi med din e-postadress 2) Kontrollera och uppdatera vid behov information i MIN ORGANISATION 3) &#8230;<\/p>\n","protected":false},"author":10,"featured_media":0,"parent":0,"menu_order":0,"comment_status":"closed","ping_status":"closed","template":"","meta":{"_acf_changed":false,"inline_featured_image":false,"footnotes":""},"class_list":["post-13150","page","type-page","status-publish","hentry"],"acf":[],"aioseo_notices":[],"_links":{"self":[{"href":"https:\/\/uiva.fi\/sv\/wp-json\/wp\/v2\/pages\/13150","targetHints":{"allow":["GET"]}}],"collection":[{"href":"https:\/\/uiva.fi\/sv\/wp-json\/wp\/v2\/pages"}],"about":[{"href":"https:\/\/uiva.fi\/sv\/wp-json\/wp\/v2\/types\/page"}],"author":[{"embeddable":true,"href":"https:\/\/uiva.fi\/sv\/wp-json\/wp\/v2\/users\/10"}],"replies":[{"embeddable":true,"href":"https:\/\/uiva.fi\/sv\/wp-json\/wp\/v2\/comments?post=13150"}],"version-history":[{"count":3,"href":"https:\/\/uiva.fi\/sv\/wp-json\/wp\/v2\/pages\/13150\/revisions"}],"predecessor-version":[{"id":13748,"href":"https:\/\/uiva.fi\/sv\/wp-json\/wp\/v2\/pages\/13150\/revisions\/13748"}],"wp:attachment":[{"href":"https:\/\/uiva.fi\/sv\/wp-json\/wp\/v2\/media?parent=13150"}],"curies":[{"name":"wp","href":"https:\/\/api.w.org\/{rel}","templated":true}]}}