{"id":5650,"date":"2025-01-15T12:02:15","date_gmt":"2025-01-15T10:02:15","guid":{"rendered":"https:\/\/uiva.fi\/?page_id=5650"},"modified":"2025-11-05T10:17:01","modified_gmt":"2025-11-05T08:17:01","slug":"for-utstallare","status":"publish","type":"page","link":"https:\/\/uiva.fi\/sv\/for-utstallare\/","title":{"rendered":"F\u00f6r utst\u00e4llare"},"content":{"rendered":"\n<p class=\"has-text-align-left\"><\/p>\n\n\n\n<h3 class=\"wp-block-heading\">ANM\u00c4LNING<\/h3>\n\n\n\n<div class=\"wp-block-columns is-layout-flex wp-container-core-columns-is-layout-9d6595d7 wp-block-columns-is-layout-flex\">\n<div class=\"wp-block-column is-layout-flow wp-block-column-is-layout-flow\">\n<p><a href=\"https:\/\/ilmoittaudu.finnboat.fi\/\" title=\"\">Anm\u00e4l dig h\u00e4r!<\/a><\/p>\n<\/div>\n\n\n\n<div class=\"wp-block-column is-layout-flow wp-block-column-is-layout-flow\">\n<p><a href=\"https:\/\/uiva.fi\/sv\/anmalningsinstruktioner\/\" title=\"\">Anm\u00e4lningsinstruktioner<\/a><\/p>\n<\/div>\n\n\n\n<div class=\"wp-block-column is-layout-flow wp-block-column-is-layout-flow\">\n<p><a href=\"https:\/\/uiva.fi\/wp-content\/uploads\/2025\/11\/Uiva-Flytande-2026_Deltagarvillkor.pdf\" title=\"\">Deltagarvillkor (pdf)<\/a> <\/p>\n<\/div>\n<\/div>\n\n\n\n<p><a href=\"https:\/\/uiva.fi\/sv\/faq-fragor-och-svar\/\" title=\"\">FAQ \u2013 Fr\u00e5gor och svar<\/a><\/p>\n\n\n\n<div style=\"height:40px\" aria-hidden=\"true\" class=\"wp-block-spacer\"><\/div>\n\n\n\n<h3 class=\"wp-block-heading\"><strong>M\u00d6BELBEST\u00c4LLNINGAR<\/strong><\/h3>\n\n\n\n<p>Best\u00e4llningarnas f\u00f6rfallodag <strong>31.7.2026<\/strong>.<\/p>\n\n\n\n<p>M\u00f6bler kan best\u00e4llas fr\u00e5n Messunet Oy via formul\u00e4ret nedan. I formul\u00e4ret hittar du m\u00f6belutbudet och prislistan. Om du inte hittar den m\u00f6bel du beh\u00f6ver i formul\u00e4ret, v\u00e4nligen kontakta Messunet direkt:&nbsp;<a href=\"mailto:info@messunet.fi\" target=\"_blank\" rel=\"noreferrer noopener\">info@messunet.fi<\/a>, tel. 0400 853 182.<\/p>\n\n\n\n<p><a href=\"https:\/\/uiva.fi\/wp-content\/uploads\/2025\/06\/Vuokrakalustehinnasto-UIVA-2025.pdf\" title=\"\">Best\u00e4llningsformul\u00e4r f\u00f6r m\u00f6bler (pdf, endast p\u00e5 finska)<\/a><\/p>\n\n\n\n<div style=\"height:40px\" aria-hidden=\"true\" class=\"wp-block-spacer\"><\/div>\n\n\n\n<h3 class=\"wp-block-heading\">KARTA \u00d6VER OMR\u00c5DET, LOGO, BANNER<\/h3>\n\n\n\n<div class=\"wp-block-columns is-layout-flex wp-container-core-columns-is-layout-9d6595d7 wp-block-columns-is-layout-flex\">\n<div class=\"wp-block-column is-layout-flow wp-block-column-is-layout-flow\">\n<p>Karta \u00f6ver omr\u00e5det<\/p>\n<\/div>\n\n\n\n<div class=\"wp-block-column is-layout-flow wp-block-column-is-layout-flow\">\n<p><a href=\"https:\/\/finnboat.kuvat.fi\/kuvat\/Uiva+Flytande\/UIVA+2026\/\" title=\"\">Mediabanken<\/a><\/p>\n<\/div>\n<\/div>\n\n\n\n<div style=\"height:40px\" aria-hidden=\"true\" class=\"wp-block-spacer\"><\/div>\n\n\n\n<h3 class=\"wp-block-heading\">UTST\u00c4LLARINFO (PUBLICERAS SENARE)<\/h3>\n\n\n\n<div style=\"height:40px\" aria-hidden=\"true\" class=\"wp-block-spacer\"><\/div>\n\n\n\n<h3 class=\"wp-block-heading\">SAVE THE DATE! Utst\u00e4llarnas Happy Hour 13.8.2026 kl. 19-21<\/h3>\n\n\n\n<p>Den traditionella utst\u00e4llarnas happy hour organiseras i Flytandes Restaurangv\u00e4rld torsdagen 13.8.2026 kl. 19-21. Mer information om evenemanget publicerades senare.<\/p>\n\n\n\n<p class=\"has-vivid-red-color has-text-color has-link-color wp-elements-60590edd0bae36891170974c9b3ff70f\"><strong>OBS!<\/strong> Alla <em>utst\u00e4llare<\/em> och deras <em>monteranst\u00e4llda<\/em> \u00e4r v\u00e4lkomna till happy hour.<\/p>\n","protected":false},"excerpt":{"rendered":"<p>ANM\u00c4LNING Anm\u00e4l dig h\u00e4r! Anm\u00e4lningsinstruktioner Deltagarvillkor (pdf) FAQ \u2013 Fr\u00e5gor och svar M\u00d6BELBEST\u00c4LLNINGAR Best\u00e4llningarnas f\u00f6rfallodag 31.7.2026. M\u00f6bler kan best\u00e4llas fr\u00e5n Messunet Oy via formul\u00e4ret nedan. I formul\u00e4ret hittar du m\u00f6belutbudet &#8230;<\/p>\n","protected":false},"author":9,"featured_media":0,"parent":0,"menu_order":0,"comment_status":"closed","ping_status":"closed","template":"","meta":{"_acf_changed":false,"inline_featured_image":false,"footnotes":""},"class_list":["post-5650","page","type-page","status-publish","hentry"],"acf":[],"aioseo_notices":[],"_links":{"self":[{"href":"https:\/\/uiva.fi\/sv\/wp-json\/wp\/v2\/pages\/5650","targetHints":{"allow":["GET"]}}],"collection":[{"href":"https:\/\/uiva.fi\/sv\/wp-json\/wp\/v2\/pages"}],"about":[{"href":"https:\/\/uiva.fi\/sv\/wp-json\/wp\/v2\/types\/page"}],"author":[{"embeddable":true,"href":"https:\/\/uiva.fi\/sv\/wp-json\/wp\/v2\/users\/9"}],"replies":[{"embeddable":true,"href":"https:\/\/uiva.fi\/sv\/wp-json\/wp\/v2\/comments?post=5650"}],"version-history":[{"count":37,"href":"https:\/\/uiva.fi\/sv\/wp-json\/wp\/v2\/pages\/5650\/revisions"}],"predecessor-version":[{"id":13727,"href":"https:\/\/uiva.fi\/sv\/wp-json\/wp\/v2\/pages\/5650\/revisions\/13727"}],"wp:attachment":[{"href":"https:\/\/uiva.fi\/sv\/wp-json\/wp\/v2\/media?parent=5650"}],"curies":[{"name":"wp","href":"https:\/\/api.w.org\/{rel}","templated":true}]}}