{"id":6720,"date":"2025-02-25T12:58:13","date_gmt":"2025-02-25T10:58:13","guid":{"rendered":"https:\/\/uiva.fi\/?page_id=6720"},"modified":"2025-08-13T12:22:25","modified_gmt":"2025-08-13T09:22:25","slug":"ankomst","status":"publish","type":"page","link":"https:\/\/uiva.fi\/sv\/ankomst\/","title":{"rendered":"Ankomst"},"content":{"rendered":"<h2>KOMMUNIKATIONERNA<\/h2>\n\n\n<p>I n\u00e4rheten av utst\u00e4llningsporten finns begr\u00e4nsade avgiftsbelagda parkeringsplatser f\u00f6r utst\u00e4llningsbes\u00f6kare. Mer information om parkering kan f\u00e5s direkt fr\u00e5n <a href=\"https:\/\/hoski.fi\/svenska\/kontakt\/\" title=\"\">HSK:s segelklubb<\/a>.<\/p>\n\n\n\n<p><a href=\"https:\/\/www.vikingarna.fi\/\" title=\"\">Sj\u00f6scoutk\u00e5ren Vikingarna<\/a> ansvarar f\u00f6r parkeringen. Parkeringen kostar 10 \u20ac\/dag. Parkeringsavgiften st\u00f6der Vikingarnas verksamhet.<\/p>\n\n\n\n<p><\/p>\n\n\n\n<p>Fr\u00e5n Helsingfors centrum och fr\u00e5n Esbo-h\u00e5llet kommer man med metro till Drums\u00f6v\u00e4gen och fr\u00e5n k\u00f6pcentret Lauttis trafikerar under utst\u00e4llningsdagarna med 20 minuters mellanrum en med Uiva-dekaler f\u00f6rsedd utst\u00e4llningsbuss gratis mellan metrostationen och HSK. Bussh\u00e5llplatsen \u00e4r vid Karlav\u00e4gens ing\u00e5ng. Avg\u00e5ngar till utst\u00e4llningen vardagar kl. 11.40\u201319.20, veckoslutet kl. 9.40\u201317.20 samt fr\u00e5n HSK till metrostationen vardagar kl. 13.00\u201320.20 och veckoslutet kl. 11.00\u201318.20.<\/p>\n\n\n\n<figure class=\"wp-block-image size-full\"><img loading=\"lazy\" decoding=\"async\" width=\"1024\" height=\"576\" src=\"\/wp-content\/uploads\/2025\/02\/image.png\" alt=\"\" class=\"wp-image-6692\" srcset=\"https:\/\/uiva.fi\/wp-content\/uploads\/2025\/02\/image.png 1024w, https:\/\/uiva.fi\/wp-content\/uploads\/2025\/02\/image-300x169.png 300w, https:\/\/uiva.fi\/wp-content\/uploads\/2025\/02\/image-768x432.png 768w\" sizes=\"auto, (max-width: 1024px) 100vw, 1024px\" \/><\/figure>\n\n\n\n<figure class=\"wp-block-table\"><table class=\"has-fixed-layout\" id=\"saapuminen\"><tbody><tr><td colspan=\"7\">ILMAINEN BUSSIKULJETUS UIVA FLYTANDE \u2013 VENEN\u00c4YTTELYYN<\/td><\/tr><tr><td colspan=\"7\">GRATIS BUSSTRANSPORT TILL UIVA FLYTANDE -B\u00c5TUTST\u00c4LLNING<\/td><\/tr><tr><td colspan=\"7\">FREE BUS TRANSPORT TO THE HELSINKI BOAT-AFLOAT SHOW<\/td><\/tr><tr><td><\/td><td><\/td><td><\/td><td><\/td><td><\/td><td><\/td><td><\/td><\/tr><tr><td colspan=\"7\">Reitti: Kauppakeskus Lauttis \u2013 HSK Vattuniemi \u2013 Kauppakeskus Lauttis<\/td><\/tr><tr><td colspan=\"6\">Rutt: K\u00f6pcentret Lauttis \u2013 HSK Hallonn\u00e4s \u2013 K\u00f6pcentret Lauttis<\/td><td><\/td><\/tr><tr><td colspan=\"7\">Route: Lauttis shopping center \u2013 HSK Yachtclub \u2013 Lauttis shopping center<\/td><\/tr><tr><td><\/td><td><\/td><td><\/td><td><\/td><td><\/td><td><\/td><td><\/td><\/tr><tr><td colspan=\"6\">torstai-lauantai\/ torsdag-s\u00f6ndag \/ Thursday-Saturday<\/td><td><\/td><\/tr><tr><td><\/td><td><\/td><td><\/td><td><\/td><td><\/td><td><\/td><td><\/td><\/tr><tr><td>Bus 1<\/td><td><\/td><td><\/td><td>Bus 2<\/td><td><\/td><td><\/td><td><\/td><\/tr><tr><td>Lauttis<\/td><td>HSK<\/td><td><\/td><td>Lauttis<\/td><td>HSK<\/td><td><\/td><td><\/td><\/tr><tr><td>10:40<\/td><td><\/td><td><\/td><td>11:00<\/td><td><\/td><td><\/td><td><\/td><\/tr><tr><td>11:20<\/td><td><\/td><td><\/td><td>11:40<\/td><td>12:00<\/td><td><\/td><td><\/td><\/tr><tr><td>12:00<\/td><td>12:20<\/td><td><\/td><td>12:20<\/td><td>12:40<\/td><td><\/td><td><\/td><\/tr><tr><td>12:40<\/td><td>13:00<\/td><td><\/td><td>13:00<\/td><td>13:20<\/td><td><\/td><td><\/td><\/tr><tr><td>13:20<\/td><td>13:40<\/td><td><\/td><td>13:40<\/td><td>14:00<\/td><td><\/td><td><\/td><\/tr><tr><td>tauko\/paus\/pause<\/td><td>tauko\/paus\/pause<\/td><td><\/td><td>14:20<\/td><td>14:40<\/td><td><\/td><td><\/td><\/tr><tr><td>14:40<\/td><td>15:00<\/td><td><\/td><td>tauko\/paus\/pause<\/td><td>tauko\/paus\/pause<\/td><td><\/td><td><\/td><\/tr><tr><td>15:20<\/td><td>15:40<\/td><td><\/td><td>15:40<\/td><td>16:00<\/td><td><\/td><td><\/td><\/tr><tr><td>16:00<\/td><td>16:20<\/td><td><\/td><td>16:20<\/td><td>16:40<\/td><td><\/td><td><\/td><\/tr><tr><td>16:40<\/td><td>17:00<\/td><td><\/td><td>17:00<\/td><td>17:20<\/td><td><\/td><td><\/td><\/tr><tr><td>17:20<\/td><td>17:40<\/td><td><\/td><td>17:40<\/td><td>18:00<\/td><td><\/td><td><\/td><\/tr><tr><td>18:00<\/td><td>18:20<\/td><td><\/td><td>18:20<\/td><td>18:40<\/td><td><\/td><td><\/td><\/tr><tr><td><\/td><td><\/td><td><\/td><td><\/td><td>19:00<\/td><td><\/td><td><\/td><\/tr><tr><td><\/td><td><\/td><td><\/td><td><\/td><td>19:20<\/td><td><\/td><td><\/td><\/tr><tr><td><\/td><td><\/td><td><\/td><td><\/td><td><\/td><td><\/td><td><\/td><\/tr><tr><td colspan=\"6\">sunnuntai \/ s\u00f6ndag \/ Sunday<\/td><td><\/td><\/tr><tr><td><\/td><td><\/td><td><\/td><td><\/td><td><\/td><td><\/td><td><\/td><\/tr><tr><td>Bus 1<\/td><td><\/td><td><\/td><td>Bus 2<\/td><td><\/td><td><\/td><td><\/td><\/tr><tr><td>Lauttis<\/td><td>HSK<\/td><td><\/td><td>Lauttis<\/td><td>HSK<\/td><td><\/td><td><\/td><\/tr><tr><td>10:40<\/td><td><\/td><td><\/td><td><\/td><td>11:00<\/td><td><\/td><td><\/td><\/tr><tr><td>11:20<\/td><td><\/td><td><\/td><td>11:40<\/td><td>12:40<\/td><td><\/td><td><\/td><\/tr><tr><td>12:00<\/td><td>12:20<\/td><td><\/td><td>12:20<\/td><td>12:40<\/td><td><\/td><td><\/td><\/tr><tr><td>12:40<\/td><td>13:00<\/td><td><\/td><td>13:00<\/td><td>13:20<\/td><td><\/td><td><\/td><\/tr><tr><td>13:20<\/td><td>13:40<\/td><td><\/td><td>13:40<\/td><td>14:00<\/td><td><\/td><td><\/td><\/tr><tr><td>tauko\/paus\/pause<\/td><td>tauko\/paus\/pause<\/td><td><\/td><td>14:20<\/td><td>14:40<\/td><td><\/td><td><\/td><\/tr><tr><td>14:40<\/td><td>15:00<\/td><td><\/td><td>15:00<\/td><td>15:20<\/td><td><\/td><td><\/td><\/tr><tr><td>15:20<\/td><td>15:40<\/td><td><\/td><td>15:40<\/td><td>16:00<\/td><td><\/td><td><\/td><\/tr><tr><td>16:00<\/td><td>16:20<\/td><td><\/td><td>16:20<\/td><td>16:40<\/td><td><\/td><td><\/td><\/tr><tr><td>16:40<\/td><td>17:00<\/td><td><\/td><td>tauko\/paus\/pause<\/td><td><\/td><td><\/td><td><\/td><\/tr><tr><td>17:20<\/td><td>17:40<\/td><td><\/td><td>17:40<\/td><td>18:00<\/td><td><\/td><td><\/td><\/tr><tr><td><\/td><td><\/td><td><\/td><td><\/td><td>18:20<\/td><td><\/td><td><\/td><\/tr><tr><td><\/td><td><\/td><td><\/td><td><\/td><td><\/td><td><\/td><td><\/td><\/tr><tr><td><\/td><td><\/td><td><\/td><td><\/td><td><\/td><td><\/td><td><\/td><\/tr><tr><td><\/td><td><\/td><td><\/td><td><\/td><td><\/td><td><\/td><td><\/td><\/tr><\/tbody><\/table><\/figure>\n","protected":false},"excerpt":{"rendered":"<p>KOMMUNIKATIONERNA I n\u00e4rheten av utst\u00e4llningsporten finns begr\u00e4nsade avgiftsbelagda parkeringsplatser f\u00f6r utst\u00e4llningsbes\u00f6kare. Mer information om parkering kan f\u00e5s direkt fr\u00e5n HSK:s segelklubb. Sj\u00f6scoutk\u00e5ren Vikingarna ansvarar f\u00f6r parkeringen. Parkeringen kostar 10 \u20ac\/dag. &#8230;<\/p>\n","protected":false},"author":9,"featured_media":0,"parent":0,"menu_order":0,"comment_status":"closed","ping_status":"closed","template":"page-templates\/template-perussivu.php","meta":{"_acf_changed":false,"inline_featured_image":false,"footnotes":""},"class_list":["post-6720","page","type-page","status-publish","hentry"],"acf":[],"aioseo_notices":[],"_links":{"self":[{"href":"https:\/\/uiva.fi\/sv\/wp-json\/wp\/v2\/pages\/6720","targetHints":{"allow":["GET"]}}],"collection":[{"href":"https:\/\/uiva.fi\/sv\/wp-json\/wp\/v2\/pages"}],"about":[{"href":"https:\/\/uiva.fi\/sv\/wp-json\/wp\/v2\/types\/page"}],"author":[{"embeddable":true,"href":"https:\/\/uiva.fi\/sv\/wp-json\/wp\/v2\/users\/9"}],"replies":[{"embeddable":true,"href":"https:\/\/uiva.fi\/sv\/wp-json\/wp\/v2\/comments?post=6720"}],"version-history":[{"count":5,"href":"https:\/\/uiva.fi\/sv\/wp-json\/wp\/v2\/pages\/6720\/revisions"}],"predecessor-version":[{"id":13654,"href":"https:\/\/uiva.fi\/sv\/wp-json\/wp\/v2\/pages\/6720\/revisions\/13654"}],"wp:attachment":[{"href":"https:\/\/uiva.fi\/sv\/wp-json\/wp\/v2\/media?parent=6720"}],"curies":[{"name":"wp","href":"https:\/\/api.w.org\/{rel}","templated":true}]}}