{"id":677,"date":"2017-08-09T13:34:25","date_gmt":"2017-08-09T10:34:25","guid":{"rendered":"http:\/\/www.uiva.fi\/timetable\/"},"modified":"2025-06-25T14:31:27","modified_gmt":"2025-06-25T11:31:27","slug":"timetable","status":"publish","type":"page","link":"https:\/\/uiva.fi\/sv\/timetable\/","title":{"rendered":"program"},"content":{"rendered":"<h4><strong>Programmet 2025<\/strong><\/h4>\n<p>Programmet publiceras i b\u00f6rjan av augusti. P\u00e5 programscenen bland annat presentationer av nya b\u00e5tar, tips f\u00f6r h\u00f6stfiske, b\u00e5tlivstips f\u00f6r huvudstadsregionen, presentationer av hamnar i Estland, Global Solo Challenge och p\u00e5 \u00f6ppningsdagen torsdag en paneldiskussion om Helsingfors maritima strategi.<\/p>\n<p><strong>OBS! <\/strong>Programmet \u00e4r endast p\u00e5 finska.<\/p>\n<h4><strong>Fisketips varje dag<\/strong><\/h4>\n<p>Kom och h\u00e4mta de b\u00e4sta redskapen och tipsen f\u00f6r fiske fr\u00e5n proffsen. P\u00e5 Flytande kan du samtidigt bekanta dig med det mest omfattande urvalet av fiskeb\u00e5tar i Finland.<\/p>\n<h4><strong>Flyboard- och Jetski Freestyle-uppvisningar<\/strong><\/h4>\n<p>H\u00e4pnadsv\u00e4ckande flyboard- och freestyle jetski-uppvisningar av Extreme-Life-proffsen:<\/p>\n<ul>\n<li>fre 15.8.2025 kl. 14:00, 16:00 och 18:00<\/li>\n<li>l\u00f6r 16.8.2025 kl. 12:00, 15:00 och 17:00<\/li>\n<li>s\u00f6n 17.8.2025 kl. 12:00, 15:00 och 17:00<\/li>\n<\/ul>\n","protected":false},"excerpt":{"rendered":"<p>Programmet 2025 Programmet publiceras i b\u00f6rjan av augusti. P\u00e5 programscenen bland annat presentationer av nya b\u00e5tar, tips f\u00f6r h\u00f6stfiske, b\u00e5tlivstips f\u00f6r huvudstadsregionen, presentationer av hamnar i Estland, Global Solo Challenge &#8230;<\/p>\n","protected":false},"author":9,"featured_media":0,"parent":0,"menu_order":0,"comment_status":"closed","ping_status":"closed","template":"","meta":{"_acf_changed":false,"inline_featured_image":false,"footnotes":""},"class_list":["post-677","page","type-page","status-publish","hentry"],"acf":[],"aioseo_notices":[],"_links":{"self":[{"href":"https:\/\/uiva.fi\/sv\/wp-json\/wp\/v2\/pages\/677","targetHints":{"allow":["GET"]}}],"collection":[{"href":"https:\/\/uiva.fi\/sv\/wp-json\/wp\/v2\/pages"}],"about":[{"href":"https:\/\/uiva.fi\/sv\/wp-json\/wp\/v2\/types\/page"}],"author":[{"embeddable":true,"href":"https:\/\/uiva.fi\/sv\/wp-json\/wp\/v2\/users\/9"}],"replies":[{"embeddable":true,"href":"https:\/\/uiva.fi\/sv\/wp-json\/wp\/v2\/comments?post=677"}],"version-history":[{"count":17,"href":"https:\/\/uiva.fi\/sv\/wp-json\/wp\/v2\/pages\/677\/revisions"}],"predecessor-version":[{"id":13332,"href":"https:\/\/uiva.fi\/sv\/wp-json\/wp\/v2\/pages\/677\/revisions\/13332"}],"wp:attachment":[{"href":"https:\/\/uiva.fi\/sv\/wp-json\/wp\/v2\/media?parent=677"}],"curies":[{"name":"wp","href":"https:\/\/api.w.org\/{rel}","templated":true}]}}